{"id":264,"date":"2026-03-13T11:31:11","date_gmt":"2026-03-13T11:31:11","guid":{"rendered":"https:\/\/www.craftownia.edu.pl\/?page_id=264"},"modified":"2026-03-13T11:47:01","modified_gmt":"2026-03-13T11:47:01","slug":"zajecia-dodatkowe-dla-dzieci-w-minsku-mazowieckim","status":"publish","type":"page","link":"https:\/\/www.craftownia.edu.pl\/index.php\/zajecia-dodatkowe-dla-dzieci-w-minsku-mazowieckim\/","title":{"rendered":"Zaj\u0119cia dodatkowe dla dzieci w Mi\u0144sku Mazowieckim"},"content":{"rendered":"\t\t<div data-elementor-type=\"wp-page\" data-elementor-id=\"264\" class=\"elementor elementor-264\">\n\t\t\t\t<div class=\"elementor-element elementor-element-940311f e-flex e-con-boxed e-con e-parent\" data-id=\"940311f\" data-element_type=\"container\" data-e-type=\"container\">\n\t\t\t\t\t<div class=\"e-con-inner\">\n\t\t\t\t<div class=\"elementor-element elementor-element-572296f elementor-widget elementor-widget-text-editor\" data-id=\"572296f\" data-element_type=\"widget\" data-e-type=\"widget\" data-widget_type=\"text-editor.default\">\n\t\t\t\t\t\t\t\t\t<p>Zaj\u0119cia wspieraj\u0105ce emocje, relacje i naturaln\u0105 ciekawo\u015b\u0107 dziecka.<br data-start=\"595\" data-end=\"598\" \/>Bez presji oceniania \u2013 z przestrzeni\u0105 na dzia\u0142anie, ruch i przygod\u0119.<\/p>\t\t\t\t\t\t\t\t<\/div>\n\t\t\t\t\t<\/div>\n\t\t\t\t<\/div>\n\t\t<div class=\"elementor-element elementor-element-c14c10f e-flex e-con-boxed e-con e-parent\" data-id=\"c14c10f\" data-element_type=\"container\" data-e-type=\"container\">\n\t\t\t\t\t<div class=\"e-con-inner\">\n\t\t\t\t<div class=\"elementor-element elementor-element-a64f87b elementor-align-center elementor-widget elementor-widget-button\" data-id=\"a64f87b\" data-element_type=\"widget\" data-e-type=\"widget\" data-widget_type=\"button.default\">\n\t\t\t\t\t\t\t\t\t\t<a class=\"elementor-button elementor-button-link elementor-size-sm\" href=\"sms:+48883437792\">\n\t\t\t\t\t\t<span class=\"elementor-button-content-wrapper\">\n\t\t\t\t\t\t\t\t\t<span class=\"elementor-button-text\">Zaapytaj o zaj\u0119cia <\/span>\n\t\t\t\t\t<\/span>\n\t\t\t\t\t<\/a>\n\t\t\t\t\t\t\t\t<\/div>\n\t\t\t\t\t<\/div>\n\t\t\t\t<\/div>\n\t\t<div class=\"elementor-element elementor-element-f6013b5 e-flex e-con-boxed e-con e-parent\" data-id=\"f6013b5\" data-element_type=\"container\" data-e-type=\"container\">\n\t\t\t\t\t<div class=\"e-con-inner\">\n\t\t\t\t<div class=\"elementor-element elementor-element-e6daf7f elementor-widget elementor-widget-text-editor\" data-id=\"e6daf7f\" data-element_type=\"widget\" data-e-type=\"widget\" data-widget_type=\"text-editor.default\">\n\t\t\t\t\t\t\t\t\t<p>Je\u015bli w ci\u0105gu dnia nie odbieram telefonu, napisz SMS \u2013 pracuj\u0119 wtedy z dzie\u0107mi.<br data-start=\"1026\" data-end=\"1029\" \/>Oddzwoni\u0119 po zaj\u0119ciach.<\/p>\t\t\t\t\t\t\t\t<\/div>\n\t\t\t\t\t<\/div>\n\t\t\t\t<\/div>\n\t\t<div class=\"elementor-element elementor-element-f2e1530 e-flex e-con-boxed e-con e-parent\" data-id=\"f2e1530\" data-element_type=\"container\" data-e-type=\"container\">\n\t\t\t\t\t<div class=\"e-con-inner\">\n\t\t\t\t<div class=\"elementor-element elementor-element-707c439 elementor-widget elementor-widget-heading\" data-id=\"707c439\" data-element_type=\"widget\" data-e-type=\"widget\" data-widget_type=\"heading.default\">\n\t\t\t\t\t<h2 class=\"elementor-heading-title elementor-size-default\">Dlaczego dzieci po szkole \u201ewybuchaj\u0105\u201d?<\/h2>\t\t\t\t<\/div>\n\t\t\t\t\t<\/div>\n\t\t\t\t<\/div>\n\t\t<div class=\"elementor-element elementor-element-b8b1f67 e-flex e-con-boxed e-con e-parent\" data-id=\"b8b1f67\" data-element_type=\"container\" data-e-type=\"container\">\n\t\t\t\t\t<div class=\"e-con-inner\">\n\t\t\t\t<div class=\"elementor-element elementor-element-9d37bcf elementor-widget elementor-widget-text-editor\" data-id=\"9d37bcf\" data-element_type=\"widget\" data-e-type=\"widget\" data-widget_type=\"text-editor.default\">\n\t\t\t\t\t\t\t\t\t<p data-start=\"833\" data-end=\"993\">Coraz wi\u0119cej rodzic\u00f3w zauwa\u017ca, \u017ce ich dzieci po szkole s\u0105 zm\u0119czone, rozdra\u017cnione lub wycofane. Pojawiaj\u0105 si\u0119 wybuchy z\u0142o\u015bci, p\u0142acz albo potrzeba bycia samemu.<\/p><p data-start=\"1000\" data-end=\"1209\">Szko\u0142a to dla dziecka ogromna ilo\u015b\u0107 bod\u017ac\u00f3w: ha\u0142as, tempo, wymagania i relacje r\u00f3wie\u015bnicze. Nawet je\u015bli dziecko dobrze radzi sobie z nauk\u0105, jego uk\u0142ad nerwowy przez wiele godzin pracuje na wysokich obrotach.<\/p><p data-start=\"1216\" data-end=\"1341\">Dlatego zaj\u0119cia dodatkowe coraz cz\u0119\u015bciej s\u0105 poszukiwane nie po to, by \u201edok\u0142ada\u0107 rozwoju\u201d, ale by pom\u00f3c dziecku si\u0119 regulowa\u0107.<\/p>\t\t\t\t\t\t\t\t<\/div>\n\t\t\t\t\t<\/div>\n\t\t\t\t<\/div>\n\t\t<div class=\"elementor-element elementor-element-3c163c5 e-flex e-con-boxed e-con e-parent\" data-id=\"3c163c5\" data-element_type=\"container\" data-e-type=\"container\">\n\t\t\t\t\t<div class=\"e-con-inner\">\n\t\t\t\t<div class=\"elementor-element elementor-element-fdcfcc3 elementor-widget elementor-widget-heading\" data-id=\"fdcfcc3\" data-element_type=\"widget\" data-e-type=\"widget\" data-widget_type=\"heading.default\">\n\t\t\t\t\t<h2 class=\"elementor-heading-title elementor-size-default\">Co cz\u0119sto dzieje si\u0119 po szkole<\/h2>\t\t\t\t<\/div>\n\t\t\t\t\t<\/div>\n\t\t\t\t<\/div>\n\t\t<div class=\"elementor-element elementor-element-c6f21e5 e-flex e-con-boxed e-con e-parent\" data-id=\"c6f21e5\" data-element_type=\"container\" data-e-type=\"container\">\n\t\t\t\t\t<div class=\"e-con-inner\">\n\t\t\t\t<div class=\"elementor-element elementor-element-1b4985f elementor-widget elementor-widget-text-editor\" data-id=\"1b4985f\" data-element_type=\"widget\" data-e-type=\"widget\" data-widget_type=\"text-editor.default\">\n\t\t\t\t\t\t\t\t\t<p>\u2022 wybuchy z\u0142o\u015bci<br data-start=\"1444\" data-end=\"1447\" \/>\u2022 p\u0142acz bez konkretnego powodu<br data-start=\"1477\" data-end=\"1480\" \/>\u2022 wycofanie i zamkni\u0119cie w sobie<br data-start=\"1512\" data-end=\"1515\" \/>\u2022 niech\u0119\u0107 do rozmowy<br data-start=\"1535\" data-end=\"1538\" \/>\u2022 zm\u0119czenie \u015bwietlic\u0105<\/p><p>Dla wielu dzieci \u015bwietlica bywa trudniejsza ni\u017c sama szko\u0142a \u2013 jest g\u0142o\u015bno, t\u0142oczno i brakuje przestrzeni na odpoczynek.<\/p>\t\t\t\t\t\t\t\t<\/div>\n\t\t\t\t\t<\/div>\n\t\t\t\t<\/div>\n\t\t<div class=\"elementor-element elementor-element-93f49ba e-flex e-con-boxed e-con e-parent\" data-id=\"93f49ba\" data-element_type=\"container\" data-e-type=\"container\">\n\t\t\t\t\t<div class=\"e-con-inner\">\n\t\t\t\t<div class=\"elementor-element elementor-element-ca67200 elementor-widget elementor-widget-heading\" data-id=\"ca67200\" data-element_type=\"widget\" data-e-type=\"widget\" data-widget_type=\"heading.default\">\n\t\t\t\t\t<h2 class=\"elementor-heading-title elementor-size-default\">Jak wygl\u0105daj\u0105 zaj\u0119cia w Craftowni<\/h2>\t\t\t\t<\/div>\n\t\t\t\t\t<\/div>\n\t\t\t\t<\/div>\n\t\t<div class=\"elementor-element elementor-element-98b9dc2 e-flex e-con-boxed e-con e-parent\" data-id=\"98b9dc2\" data-element_type=\"container\" data-e-type=\"container\">\n\t\t\t\t\t<div class=\"e-con-inner\">\n\t\t\t\t<div class=\"elementor-element elementor-element-a23abd9 elementor-widget elementor-widget-text-editor\" data-id=\"a23abd9\" data-element_type=\"widget\" data-e-type=\"widget\" data-widget_type=\"text-editor.default\">\n\t\t\t\t\t\t\t\t\t<p>\u2714 odbywaj\u0105 si\u0119 w trakcie \u015bwietlicy<br data-start=\"1839\" data-end=\"1842\" \/>\u2714 ma\u0142e grupy \u2013 maksymalnie 10 dzieci<br data-start=\"1878\" data-end=\"1881\" \/>\u2714 du\u017co dzia\u0142ania, ruchu i eksperyment\u00f3w<br data-start=\"1920\" data-end=\"1923\" \/>\u2714 uwzgl\u0119dnienie emocji i tempa dziecka<br data-start=\"1961\" data-end=\"1964\" \/>\u2714 przestrze\u0144 na regulacj\u0119 napi\u0119cia<\/p>\t\t\t\t\t\t\t\t<\/div>\n\t\t\t\t\t<\/div>\n\t\t\t\t<\/div>\n\t\t<div class=\"elementor-element elementor-element-12454e6 e-flex e-con-boxed e-con e-parent\" data-id=\"12454e6\" data-element_type=\"container\" data-e-type=\"container\">\n\t\t\t\t\t<div class=\"e-con-inner\">\n\t\t\t\t<div class=\"elementor-element elementor-element-6a1f348 elementor-widget elementor-widget-heading\" data-id=\"6a1f348\" data-element_type=\"widget\" data-e-type=\"widget\" data-widget_type=\"heading.default\">\n\t\t\t\t\t<h2 class=\"elementor-heading-title elementor-size-default\">Pedagogika blisko\u015bci i przygody<\/h2>\t\t\t\t<\/div>\n\t\t\t\t\t<\/div>\n\t\t\t\t<\/div>\n\t\t<div class=\"elementor-element elementor-element-a6a4327 e-flex e-con-boxed e-con e-parent\" data-id=\"a6a4327\" data-element_type=\"container\" data-e-type=\"container\">\n\t\t\t\t\t<div class=\"e-con-inner\">\n\t\t\t\t<div class=\"elementor-element elementor-element-6a6ec94 elementor-widget elementor-widget-text-editor\" data-id=\"6a6ec94\" data-element_type=\"widget\" data-e-type=\"widget\" data-widget_type=\"text-editor.default\">\n\t\t\t\t\t\t\t\t\t<p data-start=\"2193\" data-end=\"2283\">Zaj\u0119cia prowadzone s\u0105 w nurcie pedagogiki blisko\u015bci i pedagogiki przygody. Oznacza to, \u017ce:<\/p><p data-start=\"2288\" data-end=\"2474\">\u2022 pod\u0105\u017camy za dzieckiem w bezpiecznych ramach<br data-start=\"2333\" data-end=\"2336\" \/>\u2022 stawiamy na relacj\u0119, nie rywalizacj\u0119<br data-start=\"2376\" data-end=\"2379\" \/>\u2022 uczymy przez do\u015bwiadczenie<br data-start=\"2409\" data-end=\"2412\" \/>\u2022 wspieramy samoregulacj\u0119 zamiast wymuszania pos\u0142usze\u0144stwa<\/p>\t\t\t\t\t\t\t\t<\/div>\n\t\t\t\t\t<\/div>\n\t\t\t\t<\/div>\n\t\t<div class=\"elementor-element elementor-element-a0cf71d e-flex e-con-boxed e-con e-parent\" data-id=\"a0cf71d\" data-element_type=\"container\" data-e-type=\"container\">\n\t\t\t\t\t<div class=\"e-con-inner\">\n\t\t\t\t<div class=\"elementor-element elementor-element-bd3322f elementor-widget elementor-widget-heading\" data-id=\"bd3322f\" data-element_type=\"widget\" data-e-type=\"widget\" data-widget_type=\"heading.default\">\n\t\t\t\t\t<h2 class=\"elementor-heading-title elementor-size-default\">Te zaj\u0119cia mog\u0105 by\u0107 szczeg\u00f3lnie pomocne je\u015bli:<\/h2>\t\t\t\t<\/div>\n\t\t\t\t\t<\/div>\n\t\t\t\t<\/div>\n\t\t<div class=\"elementor-element elementor-element-1bba8dd e-flex e-con-boxed e-con e-parent\" data-id=\"1bba8dd\" data-element_type=\"container\" data-e-type=\"container\">\n\t\t\t\t\t<div class=\"e-con-inner\">\n\t\t\t\t<div class=\"elementor-element elementor-element-eb70032 elementor-widget elementor-widget-text-editor\" data-id=\"eb70032\" data-element_type=\"widget\" data-e-type=\"widget\" data-widget_type=\"text-editor.default\">\n\t\t\t\t\t\t\t\t\t<p>\u2022 dziecko nie lubi \u015bwietlicy<br data-start=\"2604\" data-end=\"2607\" \/>\u2022 po szkole jest bardzo zm\u0119czone<br data-start=\"2639\" data-end=\"2642\" \/>\u2022 trudno mu si\u0119 wyciszy\u0107<br data-start=\"2666\" data-end=\"2669\" \/>\u2022 potrzebuje ruchu i dzia\u0142ania<br data-start=\"2699\" data-end=\"2702\" \/>\u2022 nie odnajduje si\u0119 w du\u017cych grupach<\/p>\t\t\t\t\t\t\t\t<\/div>\n\t\t\t\t\t<\/div>\n\t\t\t\t<\/div>\n\t\t<div class=\"elementor-element elementor-element-677c612 e-flex e-con-boxed e-con e-parent\" data-id=\"677c612\" data-element_type=\"container\" data-e-type=\"container\">\n\t\t\t\t\t<div class=\"e-con-inner\">\n\t\t\t\t<div class=\"elementor-element elementor-element-d101a3d elementor-widget elementor-widget-heading\" data-id=\"d101a3d\" data-element_type=\"widget\" data-e-type=\"widget\" data-widget_type=\"heading.default\">\n\t\t\t\t\t<h2 class=\"elementor-heading-title elementor-size-default\">Rodzic te\u017c jest wa\u017cny<\/h2>\t\t\t\t<\/div>\n\t\t\t\t\t<\/div>\n\t\t\t\t<\/div>\n\t\t<div class=\"elementor-element elementor-element-9519fa2 e-flex e-con-boxed e-con e-parent\" data-id=\"9519fa2\" data-element_type=\"container\" data-e-type=\"container\">\n\t\t\t\t\t<div class=\"e-con-inner\">\n\t\t\t\t<div class=\"elementor-element elementor-element-4e31586 elementor-widget elementor-widget-text-editor\" data-id=\"4e31586\" data-element_type=\"widget\" data-e-type=\"widget\" data-widget_type=\"text-editor.default\">\n\t\t\t\t\t\t\t\t\t<p data-start=\"673\" data-end=\"810\">Praca z dzieckiem nie odbywa si\u0119 w oderwaniu od rodzica. Dlatego opr\u00f3cz zaj\u0119\u0107 dla dzieci wa\u017cnym elementem jest r\u00f3wnie\u017c wsparcie rodzic\u00f3w.<\/p><p data-start=\"812\" data-end=\"939\">\u2022 kr\u00f3tkie informacje zwrotne po zaj\u0119ciach<br data-start=\"853\" data-end=\"856\" \/>\u2022 psychoedukacja dla rodzic\u00f3w<br data-start=\"885\" data-end=\"888\" \/>\u2022 okazjonalne spotkania i rozmowy o emocjach dzieci<\/p><p data-start=\"941\" data-end=\"1118\">Raz w miesi\u0105cu organizuj\u0119 tak\u017ce <strong data-start=\"973\" data-end=\"1009\">kameralne spotkania dla rodzic\u00f3w<\/strong>, podczas kt\u00f3rych rozmawiamy o tym, co dzieje si\u0119 z dzie\u0107mi po szkole i jak mo\u017cna je wspiera\u0107 w codzienno\u015bci.<\/p><p data-start=\"941\" data-end=\"1118\">To <strong data-start=\"731\" data-end=\"776\">bonus dla os\u00f3b zapisanych na newsletter.<\/strong><\/p><p data-start=\"1120\" data-end=\"1223\">Spotkania odbywaj\u0105 si\u0119 <strong data-start=\"1143\" data-end=\"1173\">na \u017cywo i nie s\u0105 nagrywane<\/strong>, aby ka\u017cdy m\u00f3g\u0142 czu\u0107 si\u0119 swobodnie i bezpiecznie.<\/p><p data-start=\"1225\" data-end=\"1391\">Dbam r\u00f3wnie\u017c o prywatno\u015b\u0107 dzieci \u2013 na zdj\u0119ciach z zaj\u0119\u0107 nie publikuj\u0119 wizerunku twarzy dzieci. Pokazuj\u0119 jedynie ich r\u0119ce, wykonywane prace lub zdj\u0119cia robione z ty\u0142u.<\/p>\t\t\t\t\t\t\t\t<\/div>\n\t\t\t\t\t<\/div>\n\t\t\t\t<\/div>\n\t\t<div class=\"elementor-element elementor-element-e6c921d e-flex e-con-boxed e-con e-parent\" data-id=\"e6c921d\" data-element_type=\"container\" data-e-type=\"container\">\n\t\t\t\t\t<div class=\"e-con-inner\">\n\t\t\t\t<div class=\"elementor-element elementor-element-fb57359 elementor-align-center elementor-widget elementor-widget-button\" data-id=\"fb57359\" data-element_type=\"widget\" data-e-type=\"widget\" data-widget_type=\"button.default\">\n\t\t\t\t\t\t\t\t\t\t<a class=\"elementor-button elementor-button-link elementor-size-sm\" href=\"#newsletter%20%20%20%20\">\n\t\t\t\t\t\t<span class=\"elementor-button-content-wrapper\">\n\t\t\t\t\t\t\t\t\t<span class=\"elementor-button-text\">Do\u0142\u0105cz do newslettera <\/span>\n\t\t\t\t\t<\/span>\n\t\t\t\t\t<\/a>\n\t\t\t\t\t\t\t\t<\/div>\n\t\t\t\t<div class=\"elementor-element elementor-element-555fdd9 elementor-widget elementor-widget-text-editor\" data-id=\"555fdd9\" data-element_type=\"widget\" data-e-type=\"widget\" data-widget_type=\"text-editor.default\">\n\t\t\t\t\t\t\t\t\t<p>Raz w miesi\u0105cu wysy\u0142am informacje o zaj\u0119ciach, inspiracje dla rodzic\u00f3w oraz zaproszenia na spotkania dla rodzic\u00f3w.<\/p>\t\t\t\t\t\t\t\t<\/div>\n\t\t\t\t\t<\/div>\n\t\t\t\t<\/div>\n\t\t<div class=\"elementor-element elementor-element-65b2220 e-flex e-con-boxed e-con e-parent\" data-id=\"65b2220\" data-element_type=\"container\" data-e-type=\"container\">\n\t\t\t\t\t<div class=\"e-con-inner\">\n\t\t\t\t<div class=\"elementor-element elementor-element-adb7b40 elementor-widget elementor-widget-heading\" data-id=\"adb7b40\" data-element_type=\"widget\" data-e-type=\"widget\" data-widget_type=\"heading.default\">\n\t\t\t\t\t<h2 class=\"elementor-heading-title elementor-size-default\">Zapisz si\u0119 na newsletter<\/h2>\t\t\t\t<\/div>\n\t\t\t\t\t<\/div>\n\t\t\t\t<\/div>\n\t\t<div class=\"elementor-element elementor-element-985ac47 e-flex e-con-boxed e-con e-parent\" data-id=\"985ac47\" data-element_type=\"container\" data-e-type=\"container\">\n\t\t\t\t\t<div class=\"e-con-inner\">\n\t\t\t\t<div class=\"elementor-element elementor-element-664bed0 elementor-widget elementor-widget-html\" data-id=\"664bed0\" data-element_type=\"widget\" data-e-type=\"widget\" data-widget_type=\"html.default\">\n\t\t\t\t\t<iframe src=\"https:\/\/preview.mailerlite.io\/forms\/1482408\/181822008295687186\/share\" width=\"100%\" height=\"650\" frameborder=\"0\"><\/iframe>\t\t\t\t<\/div>\n\t\t\t\t\t<\/div>\n\t\t\t\t<\/div>\n\t\t<div class=\"elementor-element elementor-element-275a07e e-flex e-con-boxed e-con e-parent\" data-id=\"275a07e\" data-element_type=\"container\" data-e-type=\"container\">\n\t\t\t\t\t<div class=\"e-con-inner\">\n\t\t\t\t<div class=\"elementor-element elementor-element-db488a4 elementor-widget elementor-widget-heading\" data-id=\"db488a4\" data-element_type=\"widget\" data-e-type=\"widget\" data-widget_type=\"heading.default\">\n\t\t\t\t\t<h2 class=\"elementor-heading-title elementor-size-default\">Spokojny start \u2013 zaj\u0119cia pr\u00f3bne<\/h2>\t\t\t\t<\/div>\n\t\t\t\t\t<\/div>\n\t\t\t\t<\/div>\n\t\t<div class=\"elementor-element elementor-element-88bfc0b e-flex e-con-boxed e-con e-parent\" data-id=\"88bfc0b\" data-element_type=\"container\" data-e-type=\"container\">\n\t\t\t\t\t<div class=\"e-con-inner\">\n\t\t\t\t<div class=\"elementor-element elementor-element-c830bb0 elementor-widget elementor-widget-text-editor\" data-id=\"c830bb0\" data-element_type=\"widget\" data-e-type=\"widget\" data-widget_type=\"text-editor.default\">\n\t\t\t\t\t\t\t\t\t<p data-start=\"3130\" data-end=\"3192\">Pierwsze spotkania maj\u0105 form\u0119 zaj\u0119\u0107 pr\u00f3bnych.<br data-start=\"3175\" data-end=\"3178\" \/>Dzi\u0119ki temu:<\/p><p data-start=\"3197\" data-end=\"3329\">\u2022 dziecko mo\u017ce sprawdzi\u0107, czy to miejsce dla niego<br data-start=\"3247\" data-end=\"3250\" \/>\u2022 rodzic mo\u017ce zobaczy\u0107, jak dziecko reaguje<br data-start=\"3295\" data-end=\"3298\" \/>\u2022 decyzja zapada bez presji i jest w promocyjnej cenie 35 z\u0142 za 60 lub 90 Minut zaj\u0119\u0107<\/p><p data-start=\"3197\" data-end=\"3329\"><strong>Dodatkowy bonus sala zabaw w Cool School dla rodze\u0144stwa gratis!<\/strong><\/p>\t\t\t\t\t\t\t\t<\/div>\n\t\t\t\t\t<\/div>\n\t\t\t\t<\/div>\n\t\t<div class=\"elementor-element elementor-element-bcb3272 e-flex e-con-boxed e-con e-parent\" data-id=\"bcb3272\" data-element_type=\"container\" data-e-type=\"container\">\n\t\t\t\t\t<div class=\"e-con-inner\">\n\t\t\t\t<div class=\"elementor-element elementor-element-6a32167 elementor-widget elementor-widget-heading\" data-id=\"6a32167\" data-element_type=\"widget\" data-e-type=\"widget\" data-widget_type=\"heading.default\">\n\t\t\t\t\t<h2 class=\"elementor-heading-title elementor-size-default\">Masz pytanie o zaj\u0119cia?<\/h2>\t\t\t\t<\/div>\n\t\t\t\t<div class=\"elementor-element elementor-element-aeb17c9 elementor-widget elementor-widget-text-editor\" data-id=\"aeb17c9\" data-element_type=\"widget\" data-e-type=\"widget\" data-widget_type=\"text-editor.default\">\n\t\t\t\t\t\t\t\t\t<p data-start=\"241\" data-end=\"348\">Naj\u0142atwiej napisa\u0107 SMS \u2013 w ci\u0105gu dnia prowadz\u0119 zaj\u0119cia z dzie\u0107mi, dlatego cz\u0119sto nie mog\u0119 odebra\u0107 telefonu.<\/p><p data-start=\"350\" data-end=\"395\">\ud83d\udce9 <strong data-start=\"353\" data-end=\"377\">Wy\u015blij SMS na numer:<\/strong><br data-start=\"377\" data-end=\"380\" \/><strong data-start=\"380\" data-end=\"395\">883 437 792<\/strong><\/p><p data-start=\"397\" data-end=\"434\">\u00a0<\/p>\t\t\t\t\t\t\t\t<\/div>\n\t\t\t\t<div class=\"elementor-element elementor-element-9f1edba elementor-align-center elementor-widget elementor-widget-button\" data-id=\"9f1edba\" data-element_type=\"widget\" data-e-type=\"widget\" data-widget_type=\"button.default\">\n\t\t\t\t\t\t\t\t\t\t<a class=\"elementor-button elementor-button-link elementor-size-sm\" href=\"sms:883437792\">\n\t\t\t\t\t\t<span class=\"elementor-button-content-wrapper\">\n\t\t\t\t\t\t\t\t\t<span class=\"elementor-button-text\">Napisz SMS<\/span>\n\t\t\t\t\t<\/span>\n\t\t\t\t\t<\/a>\n\t\t\t\t\t\t\t\t<\/div>\n\t\t\t\t<div class=\"elementor-element elementor-element-2d89215 elementor-widget elementor-widget-text-editor\" data-id=\"2d89215\" data-element_type=\"widget\" data-e-type=\"widget\" data-widget_type=\"text-editor.default\">\n\t\t\t\t\t\t\t\t\t<p>Oddzwoni\u0119, gdy tylko sko\u0144cz\u0119 zaj\u0119cia.<\/p>\t\t\t\t\t\t\t\t<\/div>\n\t\t\t\t\t<\/div>\n\t\t\t\t<\/div>\n\t\t\t\t<\/div>\n\t\t","protected":false},"excerpt":{"rendered":"<p>Zaj\u0119cia wspieraj\u0105ce emocje, relacje i naturaln\u0105 ciekawo\u015b\u0107 dziecka.Bez presji oceniania \u2013 z przestrzeni\u0105 na dzia\u0142anie, ruch i przygod\u0119. Zaapytaj o zaj\u0119cia Je\u015bli w ci\u0105gu dnia nie odbieram telefonu, napisz SMS \u2013 pracuj\u0119 wtedy z dzie\u0107mi.Oddzwoni\u0119 po zaj\u0119ciach. Dlaczego dzieci po szkole \u201ewybuchaj\u0105\u201d? Coraz wi\u0119cej rodzic\u00f3w zauwa\u017ca, \u017ce ich dzieci po szkole s\u0105 zm\u0119czone, rozdra\u017cnione lub [&hellip;]<\/p>\n","protected":false},"author":1,"featured_media":156,"parent":0,"menu_order":0,"comment_status":"closed","ping_status":"closed","template":"","meta":{"_monsterinsights_skip_tracking":false,"_monsterinsights_sitenote_active":false,"_monsterinsights_sitenote_note":"","_monsterinsights_sitenote_category":0,"postBodyCss":"","postBodyMargin":[],"postBodyPadding":[],"postBodyBackground":{"backgroundType":"classic","gradient":""},"_uf_show_specific_survey":0,"_uf_disable_surveys":false,"footnotes":""},"class_list":["post-264","page","type-page","status-publish","has-post-thumbnail","hentry"],"aioseo_notices":[],"_links":{"self":[{"href":"https:\/\/www.craftownia.edu.pl\/index.php\/wp-json\/wp\/v2\/pages\/264","targetHints":{"allow":["GET"]}}],"collection":[{"href":"https:\/\/www.craftownia.edu.pl\/index.php\/wp-json\/wp\/v2\/pages"}],"about":[{"href":"https:\/\/www.craftownia.edu.pl\/index.php\/wp-json\/wp\/v2\/types\/page"}],"author":[{"embeddable":true,"href":"https:\/\/www.craftownia.edu.pl\/index.php\/wp-json\/wp\/v2\/users\/1"}],"replies":[{"embeddable":true,"href":"https:\/\/www.craftownia.edu.pl\/index.php\/wp-json\/wp\/v2\/comments?post=264"}],"version-history":[{"count":4,"href":"https:\/\/www.craftownia.edu.pl\/index.php\/wp-json\/wp\/v2\/pages\/264\/revisions"}],"predecessor-version":[{"id":268,"href":"https:\/\/www.craftownia.edu.pl\/index.php\/wp-json\/wp\/v2\/pages\/264\/revisions\/268"}],"wp:featuredmedia":[{"embeddable":true,"href":"https:\/\/www.craftownia.edu.pl\/index.php\/wp-json\/wp\/v2\/media\/156"}],"wp:attachment":[{"href":"https:\/\/www.craftownia.edu.pl\/index.php\/wp-json\/wp\/v2\/media?parent=264"}],"curies":[{"name":"wp","href":"https:\/\/api.w.org\/{rel}","templated":true}]}}