{"id":6,"date":"2024-11-11T14:05:23","date_gmt":"2024-11-11T14:05:23","guid":{"rendered":"http:\/\/www.craftownia.edu.pl\/?page_id=6"},"modified":"2026-03-30T12:20:06","modified_gmt":"2026-03-30T12:20:06","slug":"craftownia-warsztaty-dla-dzieci","status":"publish","type":"page","link":"https:\/\/www.craftownia.edu.pl\/","title":{"rendered":"Craftownia zaj\u0119cia dla dzieci"},"content":{"rendered":"\t\t<div data-elementor-type=\"wp-page\" data-elementor-id=\"6\" class=\"elementor elementor-6\">\n\t\t\t\t<div class=\"elementor-element elementor-element-ddb94e5 e-flex e-con-boxed e-con e-parent\" data-id=\"ddb94e5\" data-element_type=\"container\" data-e-type=\"container\">\n\t\t\t\t\t<div class=\"e-con-inner\">\n\t\t\t\t<div class=\"elementor-element elementor-element-2ea9fbf elementor-widget elementor-widget-heading\" data-id=\"2ea9fbf\" data-element_type=\"widget\" data-e-type=\"widget\" data-widget_type=\"heading.default\">\n\t\t\t\t\t<h2 class=\"elementor-heading-title elementor-size-default\">Twoje dziecko stoi z boku gdy inne si\u0119 bawi\u0105?\n\nZastanawiasz si\u0119 czy radzi sobie w grupie?\n<\/h2>\t\t\t\t<\/div>\n\t\t\t\t\t<\/div>\n\t\t\t\t<\/div>\n\t\t<div class=\"elementor-element elementor-element-201fb86 e-flex e-con-boxed e-con e-parent\" data-id=\"201fb86\" data-element_type=\"container\" data-e-type=\"container\">\n\t\t\t\t\t<div class=\"e-con-inner\">\n\t\t\t\t<div class=\"elementor-element elementor-element-12d01ef elementor-widget elementor-widget-text-editor\" data-id=\"12d01ef\" data-element_type=\"widget\" data-e-type=\"widget\" data-widget_type=\"text-editor.default\">\n\t\t\t\t\t\t\t\t\t<p>Napisz SMS \u2018GRUPA\u2019 \u2013 powiem Ci szczerze, czy to dla Twojego dziecka<\/p>\t\t\t\t\t\t\t\t<\/div>\n\t\t\t\t<div class=\"elementor-element elementor-element-a8570a5 elementor-widget elementor-widget-heading\" data-id=\"a8570a5\" data-element_type=\"widget\" data-e-type=\"widget\" data-widget_type=\"heading.default\">\n\t\t\t\t\t<h2 class=\"elementor-heading-title elementor-size-default\">Tu dziecko zaczyna odnajdywa\u0107 si\u0119 w grupie i czu\u0107 si\u0119 pewniej w\u015br\u00f3d innych<\/h2>\t\t\t\t<\/div>\n\t\t\t\t\t<\/div>\n\t\t\t\t<\/div>\n\t\t<div class=\"elementor-element elementor-element-25424b4 e-grid e-con-boxed e-con e-parent\" data-id=\"25424b4\" data-element_type=\"container\" data-e-type=\"container\">\n\t\t\t\t\t<div class=\"e-con-inner\">\n\t\t\t\t<div class=\"elementor-element elementor-element-6a8a4d9 elementor-widget elementor-widget-text-editor\" data-id=\"6a8a4d9\" data-element_type=\"widget\" data-e-type=\"widget\" data-widget_type=\"text-editor.default\">\n\t\t\t\t\t\t\t\t\t<h3 class=\"wp-block-heading has-text-align-left is-style-asterisk has-body-font-family has-medium-font-size\"><strong>Dziecko czuje si\u0119 bezpiecznie<\/strong><\/h3>\n<p><!-- \/wp:heading --><!-- wp:paragraph {\"align\":\"left\"} --><\/p>\n<p class=\"has-text-align-left\">i zaczyna si\u0119 otwiera\u0107<\/p>\t\t\t\t\t\t\t\t<\/div>\n\t\t\t\t<div class=\"elementor-element elementor-element-1908cf3 elementor-widget elementor-widget-text-editor\" data-id=\"1908cf3\" data-element_type=\"widget\" data-e-type=\"widget\" data-widget_type=\"text-editor.default\">\n\t\t\t\t\t\t\t\t\t<h3 class=\"wp-block-heading has-text-align-left is-style-asterisk has-body-font-family has-medium-font-size\">Bawi si\u0119 z innymi dzie\u0107mi<\/h3>\n<p><!-- \/wp:heading --><!-- wp:paragraph {\"align\":\"left\"} --><\/p>\n<p class=\"has-text-align-left\">zamiast sta\u0107 z boku<\/p>\t\t\t\t\t\t\t\t<\/div>\n\t\t\t\t<div class=\"elementor-element elementor-element-8923ea2 elementor-widget elementor-widget-text-editor\" data-id=\"8923ea2\" data-element_type=\"widget\" data-e-type=\"widget\" data-widget_type=\"text-editor.default\">\n\t\t\t\t\t\t\t\t\t<h3 class=\"wp-block-heading has-text-align-left is-style-asterisk has-body-font-family has-medium-font-size\">Chce wraca\u0107 na zaj\u0119cia<\/h3>\n<p><!-- \/wp:heading --><!-- wp:paragraph {\"align\":\"left\"} --><\/p>\n<p class=\"has-text-align-left\">bo wie, \u017ce b\u0119dzie ciekawie<\/p>\t\t\t\t\t\t\t\t<\/div>\n\t\t\t\t\t<\/div>\n\t\t\t\t<\/div>\n\t\t<div class=\"elementor-element elementor-element-6dbbf79 e-grid e-con-boxed e-con e-parent\" data-id=\"6dbbf79\" data-element_type=\"container\" data-e-type=\"container\">\n\t\t\t\t\t<div class=\"e-con-inner\">\n\t\t\t\t<div class=\"elementor-element elementor-element-d0fb757 elementor-widget elementor-widget-text-editor\" data-id=\"d0fb757\" data-element_type=\"widget\" data-e-type=\"widget\" data-widget_type=\"text-editor.default\">\n\t\t\t\t\t\t\t\t\t<h3 class=\"wp-block-heading has-text-align-left is-style-asterisk has-body-font-family has-medium-font-size\">Akceptuje siebie<\/h3>\n<p><!-- \/wp:heading --><!-- wp:paragraph {\"align\":\"left\"} --><\/p>\n<p class=\"has-text-align-left\">i uczy si\u0119, \u017ce w grupie s\u0105 r\u00f3\u017cne osoby<\/p>\t\t\t\t\t\t\t\t<\/div>\n\t\t\t\t<div class=\"elementor-element elementor-element-c3974db elementor-widget elementor-widget-text-editor\" data-id=\"c3974db\" data-element_type=\"widget\" data-e-type=\"widget\" data-widget_type=\"text-editor.default\">\n\t\t\t\t\t\t\t\t\t<h3 class=\"wp-block-heading has-text-align-left is-style-asterisk has-body-font-family has-medium-font-size\">Uczy si\u0119 samodzielno\u015bci<\/h3>\n<p><!-- \/wp:heading --><!-- wp:paragraph {\"align\":\"left\"} --><\/p>\n<p class=\"has-text-align-left\">pod przewodnictwem doros\u0142ego dziecko samo wykonuje eksperymenty<\/p>\t\t\t\t\t\t\t\t<\/div>\n\t\t\t\t<div class=\"elementor-element elementor-element-de80bf4 elementor-widget elementor-widget-text-editor\" data-id=\"de80bf4\" data-element_type=\"widget\" data-e-type=\"widget\" data-widget_type=\"text-editor.default\">\n\t\t\t\t\t\t\t\t\t<h3 class=\"wp-block-heading has-text-align-left is-style-asterisk has-body-font-family has-medium-font-size\">Obserwuje swoje odczucia w ciele<\/h3>\n<p><!-- \/wp:heading --><!-- wp:paragraph {\"align\":\"left\"} --><\/p>\n<p class=\"has-text-align-left\">d\u017awi\u0119k, zapach i dotyk czyli obserwujemy doznania sensoryczne<\/p>\t\t\t\t\t\t\t\t<\/div>\n\t\t\t\t\t<\/div>\n\t\t\t\t<\/div>\n\t\t<div class=\"elementor-element elementor-element-9003204 e-flex e-con-boxed e-con e-parent\" data-id=\"9003204\" data-element_type=\"container\" data-e-type=\"container\">\n\t\t\t\t\t<div class=\"e-con-inner\">\n\t\t\t\t<div class=\"elementor-element elementor-element-ef3e38b elementor-widget elementor-widget-text-editor\" data-id=\"ef3e38b\" data-element_type=\"widget\" data-e-type=\"widget\" data-widget_type=\"text-editor.default\">\n\t\t\t\t\t\t\t\t\t<p>Zbieramy zapisy do grup w godzinach przed i popo\u0142udniowych.<br \/>Mo\u017cemy odbiera\u0107 dzieci ze szkolnej \u015bwietlicy.<\/p>\t\t\t\t\t\t\t\t<\/div>\n\t\t\t\t<div class=\"elementor-element elementor-element-95a4f99 elementor-align-center elementor-widget elementor-widget-button\" data-id=\"95a4f99\" data-element_type=\"widget\" data-e-type=\"widget\" data-widget_type=\"button.default\">\n\t\t\t\t\t\t\t\t\t\t<a class=\"elementor-button elementor-button-link elementor-size-sm\" href=\"sms:+48883437792\">\n\t\t\t\t\t\t<span class=\"elementor-button-content-wrapper\">\n\t\t\t\t\t\t\t\t\t<span class=\"elementor-button-text\"> napisz SMS 883 437 792 i sprwd\u017c wolne miejsca<\/span>\n\t\t\t\t\t<\/span>\n\t\t\t\t\t<\/a>\n\t\t\t\t\t\t\t\t<\/div>\n\t\t\t\t<div class=\"elementor-element elementor-element-a3e208b elementor-widget elementor-widget-text-editor\" data-id=\"a3e208b\" data-element_type=\"widget\" data-e-type=\"widget\" data-widget_type=\"text-editor.default\">\n\t\t\t\t\t\t\t\t\t<p>W ci\u0105gu dnia pracuj\u0119 z dzie\u0107mi dlatego najlepiej napisa\u0107 sms &#8211; oddzwoni\u0119.<\/p>\t\t\t\t\t\t\t\t<\/div>\n\t\t\t\t<div class=\"elementor-element elementor-element-0b33dff elementor-widget elementor-widget-heading\" data-id=\"0b33dff\" data-element_type=\"widget\" data-e-type=\"widget\" data-widget_type=\"heading.default\">\n\t\t\t\t\t<h2 class=\"elementor-heading-title elementor-size-default\">Inspiracje<\/h2>\t\t\t\t<\/div>\n\t\t\t\t\t<\/div>\n\t\t\t\t<\/div>\n\t\t<div class=\"elementor-element elementor-element-ad8c96c e-flex e-con-boxed e-con e-parent\" data-id=\"ad8c96c\" data-element_type=\"container\" data-e-type=\"container\">\n\t\t\t\t\t<div class=\"e-con-inner\">\n\t\t\t\t<div class=\"elementor-element elementor-element-1383d50 elementor-widget elementor-widget-text-editor\" data-id=\"1383d50\" data-element_type=\"widget\" data-e-type=\"widget\" data-widget_type=\"text-editor.default\">\n\t\t\t\t\t\t\t\t\t<p>Tworz\u0119 zaj\u0119cia oparte na pedagogice przygody i w oparciu o budowanie relacji, bo dla mnie to naturalna konsekwencja towarzyszenia dzieciom w dorastaniu.\u00a0<\/p>\t\t\t\t\t\t\t\t<\/div>\n\t\t\t\t\t<\/div>\n\t\t\t\t<\/div>\n\t\t<div class=\"elementor-element elementor-element-de7d2d4 e-grid e-con-boxed e-con e-parent\" data-id=\"de7d2d4\" data-element_type=\"container\" data-e-type=\"container\">\n\t\t\t\t\t<div class=\"e-con-inner\">\n\t\t\t\t<div class=\"elementor-element elementor-element-50ce960 elementor-widget elementor-widget-image\" data-id=\"50ce960\" data-element_type=\"widget\" data-e-type=\"widget\" data-widget_type=\"image.default\">\n\t\t\t\t\t\t\t\t\t\t\t\t\t\t\t<img fetchpriority=\"high\" decoding=\"async\" width=\"800\" height=\"671\" src=\"https:\/\/www.craftownia.edu.pl\/wp-content\/uploads\/2024\/11\/Turquoise-and-Yellow-Summer-Collage-Facebook-Post.jpg\" class=\"attachment-large size-large wp-image-9\" alt=\"\" srcset=\"https:\/\/www.craftownia.edu.pl\/wp-content\/uploads\/2024\/11\/Turquoise-and-Yellow-Summer-Collage-Facebook-Post.jpg 940w, https:\/\/www.craftownia.edu.pl\/wp-content\/uploads\/2024\/11\/Turquoise-and-Yellow-Summer-Collage-Facebook-Post-300x251.jpg 300w, https:\/\/www.craftownia.edu.pl\/wp-content\/uploads\/2024\/11\/Turquoise-and-Yellow-Summer-Collage-Facebook-Post-768x644.jpg 768w\" sizes=\"(max-width: 800px) 100vw, 800px\" \/>\t\t\t\t\t\t\t\t\t\t\t\t\t\t\t<\/div>\n\t\t\t\t<div class=\"elementor-element elementor-element-b0490d7 elementor-widget elementor-widget-image\" data-id=\"b0490d7\" data-element_type=\"widget\" data-e-type=\"widget\" data-widget_type=\"image.default\">\n\t\t\t\t\t\t\t\t\t\t\t\t\t\t\t<img decoding=\"async\" width=\"800\" height=\"671\" src=\"https:\/\/www.craftownia.edu.pl\/wp-content\/uploads\/2024\/11\/Turquoise-and-Yellow-Summer-Collage-Facebook-Post2.jpg\" class=\"attachment-large size-large wp-image-11\" alt=\"\" srcset=\"https:\/\/www.craftownia.edu.pl\/wp-content\/uploads\/2024\/11\/Turquoise-and-Yellow-Summer-Collage-Facebook-Post2.jpg 940w, https:\/\/www.craftownia.edu.pl\/wp-content\/uploads\/2024\/11\/Turquoise-and-Yellow-Summer-Collage-Facebook-Post2-300x251.jpg 300w, https:\/\/www.craftownia.edu.pl\/wp-content\/uploads\/2024\/11\/Turquoise-and-Yellow-Summer-Collage-Facebook-Post2-768x644.jpg 768w\" sizes=\"(max-width: 800px) 100vw, 800px\" \/>\t\t\t\t\t\t\t\t\t\t\t\t\t\t\t<\/div>\n\t\t\t\t<div class=\"elementor-element elementor-element-56a0169 elementor-widget elementor-widget-image\" data-id=\"56a0169\" data-element_type=\"widget\" data-e-type=\"widget\" data-widget_type=\"image.default\">\n\t\t\t\t\t\t\t\t\t\t\t\t\t\t\t<img decoding=\"async\" width=\"800\" height=\"671\" src=\"https:\/\/www.craftownia.edu.pl\/wp-content\/uploads\/2024\/11\/Turquoise-and-Yellow-Summer-Collage-Facebook-Post1.jpg\" class=\"attachment-large size-large wp-image-10\" alt=\"\" srcset=\"https:\/\/www.craftownia.edu.pl\/wp-content\/uploads\/2024\/11\/Turquoise-and-Yellow-Summer-Collage-Facebook-Post1.jpg 940w, https:\/\/www.craftownia.edu.pl\/wp-content\/uploads\/2024\/11\/Turquoise-and-Yellow-Summer-Collage-Facebook-Post1-300x251.jpg 300w, https:\/\/www.craftownia.edu.pl\/wp-content\/uploads\/2024\/11\/Turquoise-and-Yellow-Summer-Collage-Facebook-Post1-768x644.jpg 768w\" sizes=\"(max-width: 800px) 100vw, 800px\" \/>\t\t\t\t\t\t\t\t\t\t\t\t\t\t\t<\/div>\n\t\t\t\t<div class=\"elementor-element elementor-element-c3f248c elementor-widget elementor-widget-text-editor\" data-id=\"c3f248c\" data-element_type=\"widget\" data-e-type=\"widget\" data-widget_type=\"text-editor.default\">\n\t\t\t\t\t\t\t\t\t<h3 class=\"wp-block-heading is-style-asterisk\">Pedagogika przygody<\/h3>\n<p>\u00a0<\/p>\n<ul>\n<li class=\"wp-block-heading is-style-asterisk\">do\u015bwiadczenie<\/li>\n<li class=\"wp-block-heading is-style-asterisk\">refleksja<\/li>\n<li class=\"wp-block-heading is-style-asterisk\">szukanie rozwi\u0105za\u0144<!-- \/wp:heading --><!-- wp:list {\"className\":\"is-style-checkmark-list\",\"style\":{\"typography\":{\"lineHeight\":\"1.75\"}}} --><\/li>\n<\/ul>\n<p><!-- \/wp:list-item --><!-- wp:list-item --><\/p>\n<p><!-- \/wp:list-item --><!-- wp:list-item --><\/p>\t\t\t\t\t\t\t\t<\/div>\n\t\t\t\t<div class=\"elementor-element elementor-element-eddfce2 elementor-widget elementor-widget-text-editor\" data-id=\"eddfce2\" data-element_type=\"widget\" data-e-type=\"widget\" data-widget_type=\"text-editor.default\">\n\t\t\t\t\t\t\t\t\t<h3 class=\"wp-block-heading is-style-asterisk\">Komunikacja empatyczna<\/h3>\n<p>\u00a0<\/p>\n<p><!-- \/wp:heading --><!-- wp:list {\"className\":\"is-style-checkmark-list\",\"style\":{\"typography\":{\"lineHeight\":\"1.75\"}}} --><\/p>\n<ul>\n<li>samo\u015bwiadomo\u015b\u0107<\/li>\n<li>komunikacja oparta na szacunku<!-- \/wp:list-item --><!-- wp:list-item --><\/li>\n<li>rozwi\u0105zanie, gdzie wszyscy wygrywaj<\/li>\n<\/ul>\n<p><!-- \/wp:list-item --><!-- wp:list-item --><\/p>\t\t\t\t\t\t\t\t<\/div>\n\t\t\t\t<div class=\"elementor-element elementor-element-5844970 elementor-widget elementor-widget-text-editor\" data-id=\"5844970\" data-element_type=\"widget\" data-e-type=\"widget\" data-widget_type=\"text-editor.default\">\n\t\t\t\t\t\t\t\t\t<h3 class=\"wp-block-heading is-style-asterisk\">Pedagogika blisko\u015bci<\/h3>\n<p>\u00a0<\/p>\n<ul>\n<li class=\"wp-block-heading is-style-asterisk\">dziecko jako podmiot<\/li>\n<li class=\"wp-block-heading is-style-asterisk\">modelowanie zachowa\u0144 w grupie<\/li>\n<li class=\"wp-block-heading is-style-asterisk\">konsekwencje zamiast kar i nagr\u00f3d<\/li>\n<\/ul>\n<p><!-- \/wp:heading --><!-- wp:list {\"className\":\"is-style-checkmark-list\",\"style\":{\"typography\":{\"lineHeight\":\"1.75\"}}} --><\/p>\n<p><!-- \/wp:list-item --><!-- wp:list-item --><\/p>\n<p><!-- \/wp:list-item --><!-- wp:list-item --><\/p>\t\t\t\t\t\t\t\t<\/div>\n\t\t\t\t\t<\/div>\n\t\t\t\t<\/div>\n\t\t<div class=\"elementor-element elementor-element-95e38ee e-flex e-con-boxed e-con e-parent\" data-id=\"95e38ee\" data-element_type=\"container\" data-e-type=\"container\">\n\t\t\t\t\t<div class=\"e-con-inner\">\n\t\t\t\t<div class=\"elementor-element elementor-element-1d9cce0 elementor-widget elementor-widget-text-editor\" data-id=\"1d9cce0\" data-element_type=\"widget\" data-e-type=\"widget\" data-widget_type=\"text-editor.default\">\n\t\t\t\t\t\t\t\t\t<p class=\"has-text-align-center has-base-color has-text-color has-heading-font-family has-x-large-font-size\"><em>\u201cDziecko chce by\u0107 dobre. Je\u015bli nie umie \u2013 naucz, je\u015bli nie wie \u2013 wyt\u0142umacz, je\u015bli nie mo\u017ce \u2013 pom\u00f3\u017c.\u201d<\/em><\/p>\n<p><!-- \/wp:paragraph --><!-- wp:spacer {\"height\":\"var:preset|spacing|10\"} --><\/p>\n<div class=\"wp-block-spacer\" aria-hidden=\"true\">\u00a0<\/div>\n<p><!-- \/wp:spacer --><!-- wp:group {\"metadata\":{\"name\":\"Testimonial source\"},\"style\":{\"spacing\":{\"blockGap\":\"0\"}},\"layout\":{\"type\":\"flex\",\"orientation\":\"vertical\",\"justifyContent\":\"center\",\"flexWrap\":\"nowrap\"}} --><\/p>\n<div class=\"wp-block-group\">\n<p><!-- wp:image {\"width\":\"60px\",\"aspectRatio\":\"1\",\"scale\":\"cover\",\"sizeSlug\":\"thumbnail\",\"linkDestination\":\"none\",\"align\":\"center\",\"style\":{\"border\":{\"radius\":\"100px\"}}} --><\/p>\n<figure class=\"wp-block-image aligncenter size-thumbnail is-resized has-custom-border\"><img alt=\"\" \/><\/figure>\n<p><!-- \/wp:image --><!-- wp:paragraph {\"align\":\"center\",\"style\":{\"spacing\":{\"margin\":{\"top\":\"var:preset|spacing|10\",\"bottom\":\"0\"}}}} --><\/p>\n<p class=\"has-text-align-center\">Janusz Korczak<\/p>\n<\/div>\t\t\t\t\t\t\t\t<\/div>\n\t\t\t\t\t<\/div>\n\t\t\t\t<\/div>\n\t\t<div class=\"elementor-element elementor-element-750b5fe e-flex e-con-boxed e-con e-parent\" data-id=\"750b5fe\" data-element_type=\"container\" data-e-type=\"container\">\n\t\t\t\t\t<div class=\"e-con-inner\">\n\t\t\t\t<div class=\"elementor-element elementor-element-26e20f8 elementor-widget elementor-widget-heading\" data-id=\"26e20f8\" data-element_type=\"widget\" data-e-type=\"widget\" data-widget_type=\"heading.default\">\n\t\t\t\t\t<h2 class=\"elementor-heading-title elementor-size-default\">Dlaczego dzieci kochaj\u0105 te zaj\u0119cia?<\/h2>\t\t\t\t<\/div>\n\t\t\t\t\t<\/div>\n\t\t\t\t<\/div>\n\t\t<div class=\"elementor-element elementor-element-ebec3ce e-flex e-con-boxed e-con e-parent\" data-id=\"ebec3ce\" data-element_type=\"container\" data-e-type=\"container\">\n\t\t\t\t\t<div class=\"e-con-inner\">\n\t\t\t\t<div class=\"elementor-element elementor-element-3f20c79 elementor-widget elementor-widget-text-editor\" data-id=\"3f20c79\" data-element_type=\"widget\" data-e-type=\"widget\" data-widget_type=\"text-editor.default\">\n\t\t\t\t\t\t\t\t\t<ul>\n<li>mog\u0105 eksperymentowa\u0107 i odkrywa\u0107<\/li>\n<li>ucz\u0105 si\u0119 wsp\u00f3\u0142pracy i komunikacji<\/li>\n<li>buduj\u0105 pewno\u015b\u0107 siebie<\/li>\n<li>rozwijaj\u0105 swoje pomys\u0142y i kreatywno\u015b\u0107<\/li>\n<\/ul>\t\t\t\t\t\t\t\t<\/div>\n\t\t\t\t\t<\/div>\n\t\t\t\t<\/div>\n\t\t<div class=\"elementor-element elementor-element-815c6db e-flex e-con-boxed e-con e-parent\" data-id=\"815c6db\" data-element_type=\"container\" data-e-type=\"container\">\n\t\t\t\t\t<div class=\"e-con-inner\">\n\t\t\t\t<div class=\"elementor-element elementor-element-f6588b9 elementor-widget elementor-widget-image\" data-id=\"f6588b9\" data-element_type=\"widget\" data-e-type=\"widget\" data-widget_type=\"image.default\">\n\t\t\t\t\t\t\t\t\t\t\t\t\t\t\t<img decoding=\"async\" src=\"https:\/\/www.craftownia.edu.pl\/wp-content\/uploads\/2026\/02\/Zabawa-z-odkrywaniem-skarbow.png\" title=\"Zabawa z odkrywaniem skarb\u00f3w\" alt=\"Zabawa z odkrywaniem skarb\u00f3w\" loading=\"lazy\" \/>\t\t\t\t\t\t\t\t\t\t\t\t\t\t\t<\/div>\n\t\t\t\t\t<\/div>\n\t\t\t\t<\/div>\n\t\t<div class=\"elementor-element elementor-element-49c551d e-flex e-con-boxed e-con e-parent\" data-id=\"49c551d\" data-element_type=\"container\" data-e-type=\"container\">\n\t\t\t\t\t<div class=\"e-con-inner\">\n\t\t\t\t<div class=\"elementor-element elementor-element-ef98c69 elementor-widget elementor-widget-heading\" data-id=\"ef98c69\" data-element_type=\"widget\" data-e-type=\"widget\" data-widget_type=\"heading.default\">\n\t\t\t\t\t<h2 class=\"elementor-heading-title elementor-size-default\">Daj dziecku przestrze\u0144 do odkrywania \u015bwiata<\/h2>\t\t\t\t<\/div>\n\t\t\t\t\t<\/div>\n\t\t\t\t<\/div>\n\t\t<div class=\"elementor-element elementor-element-888b8cf e-flex e-con-boxed e-con e-parent\" data-id=\"888b8cf\" data-element_type=\"container\" data-e-type=\"container\">\n\t\t\t\t\t<div class=\"e-con-inner\">\n\t\t\t\t<div class=\"elementor-element elementor-element-8891b24 elementor-widget elementor-widget-text-editor\" data-id=\"8891b24\" data-element_type=\"widget\" data-e-type=\"widget\" data-widget_type=\"text-editor.default\">\n\t\t\t\t\t\t\t\t\t<p>zaj\u0119cia kreatywno-przygodowe dla dziweci w wieku 5-15 lat<\/p>\n<p>\u00a0<\/p>\t\t\t\t\t\t\t\t<\/div>\n\t\t\t\t\t<\/div>\n\t\t\t\t<\/div>\n\t\t<div class=\"elementor-element elementor-element-acc1ee7 e-flex e-con-boxed e-con e-parent\" data-id=\"acc1ee7\" data-element_type=\"container\" data-e-type=\"container\">\n\t\t\t\t\t<div class=\"e-con-inner\">\n\t\t\t\t<div class=\"elementor-element elementor-element-b6db804 elementor-widget elementor-widget-text-editor\" data-id=\"b6db804\" data-element_type=\"widget\" data-e-type=\"widget\" data-widget_type=\"text-editor.default\">\n\t\t\t\t\t\t\t\t\t<p>Zbieramy zapisy do grup w godzinach przed i popo\u0142udniowych.<br \/>Mo\u017cemy odbiera\u0107 dzieci ze szkolnej \u015bwietlicy.<\/p>\t\t\t\t\t\t\t\t<\/div>\n\t\t\t\t\t<\/div>\n\t\t\t\t<\/div>\n\t\t<div class=\"elementor-element elementor-element-9ebe679 e-flex e-con-boxed e-con e-parent\" data-id=\"9ebe679\" data-element_type=\"container\" data-e-type=\"container\">\n\t\t\t\t\t<div class=\"e-con-inner\">\n\t\t\t\t<div class=\"elementor-element elementor-element-e2a1c82 elementor-align-center elementor-widget elementor-widget-button\" data-id=\"e2a1c82\" data-element_type=\"widget\" data-e-type=\"widget\" data-widget_type=\"button.default\">\n\t\t\t\t\t\t\t\t\t\t<a class=\"elementor-button elementor-button-link elementor-size-sm\" href=\"sms:+48883437792\">\n\t\t\t\t\t\t<span class=\"elementor-button-content-wrapper\">\n\t\t\t\t\t\t\t\t\t<span class=\"elementor-button-text\">Sprwd\u017c  wolne miejsca - napisz SMS 883 437 792<\/span>\n\t\t\t\t\t<\/span>\n\t\t\t\t\t<\/a>\n\t\t\t\t\t\t\t\t<\/div>\n\t\t\t\t\t<\/div>\n\t\t\t\t<\/div>\n\t\t<div class=\"elementor-element elementor-element-e459571 e-flex e-con-boxed e-con e-parent\" data-id=\"e459571\" data-element_type=\"container\" data-e-type=\"container\">\n\t\t\t\t\t<div class=\"e-con-inner\">\n\t\t\t\t<div class=\"elementor-element elementor-element-4468006 elementor-widget elementor-widget-text-editor\" data-id=\"4468006\" data-element_type=\"widget\" data-e-type=\"widget\" data-widget_type=\"text-editor.default\">\n\t\t\t\t\t\t\t\t\t<p>W ci\u0105gu dnia pracuj\u0119 z dzie\u0107mi dlatego najlepiej napisa\u0107 sms &#8211; oddzwoni\u0119.<\/p>\t\t\t\t\t\t\t\t<\/div>\n\t\t\t\t\t<\/div>\n\t\t\t\t<\/div>\n\t\t\t\t<\/div>\n\t\t","protected":false},"excerpt":{"rendered":"<p>Twoje dziecko stoi z boku gdy inne si\u0119 bawi\u0105? Zastanawiasz si\u0119 czy radzi sobie w grupie? Napisz SMS \u2018GRUPA\u2019 \u2013 powiem Ci szczerze, czy to dla Twojego dziecka Tu dziecko zaczyna odnajdywa\u0107 si\u0119 w grupie i czu\u0107 si\u0119 pewniej w\u015br\u00f3d innych Dziecko czuje si\u0119 bezpiecznie i zaczyna si\u0119 otwiera\u0107 Bawi si\u0119 z innymi dzie\u0107mi zamiast [&hellip;]<\/p>\n","protected":false},"author":1,"featured_media":0,"parent":0,"menu_order":0,"comment_status":"closed","ping_status":"closed","template":"elementor_header_footer","meta":{"_monsterinsights_skip_tracking":false,"_monsterinsights_sitenote_active":false,"_monsterinsights_sitenote_note":"","_monsterinsights_sitenote_category":0,"postBodyCss":"","postBodyMargin":[],"postBodyPadding":[],"postBodyBackground":{"backgroundType":"classic","gradient":""},"_uf_show_specific_survey":0,"_uf_disable_surveys":false,"footnotes":""},"class_list":["post-6","page","type-page","status-publish","hentry"],"aioseo_notices":[],"_links":{"self":[{"href":"https:\/\/www.craftownia.edu.pl\/index.php\/wp-json\/wp\/v2\/pages\/6","targetHints":{"allow":["GET"]}}],"collection":[{"href":"https:\/\/www.craftownia.edu.pl\/index.php\/wp-json\/wp\/v2\/pages"}],"about":[{"href":"https:\/\/www.craftownia.edu.pl\/index.php\/wp-json\/wp\/v2\/types\/page"}],"author":[{"embeddable":true,"href":"https:\/\/www.craftownia.edu.pl\/index.php\/wp-json\/wp\/v2\/users\/1"}],"replies":[{"embeddable":true,"href":"https:\/\/www.craftownia.edu.pl\/index.php\/wp-json\/wp\/v2\/comments?post=6"}],"version-history":[{"count":63,"href":"https:\/\/www.craftownia.edu.pl\/index.php\/wp-json\/wp\/v2\/pages\/6\/revisions"}],"predecessor-version":[{"id":388,"href":"https:\/\/www.craftownia.edu.pl\/index.php\/wp-json\/wp\/v2\/pages\/6\/revisions\/388"}],"wp:attachment":[{"href":"https:\/\/www.craftownia.edu.pl\/index.php\/wp-json\/wp\/v2\/media?parent=6"}],"curies":[{"name":"wp","href":"https:\/\/api.w.org\/{rel}","templated":true}]}}